{"id":2,"date":"2021-10-11T11:25:53","date_gmt":"2021-10-11T09:25:53","guid":{"rendered":"http:\/\/www.kb-holding.fr\/?page_id=2"},"modified":"2021-10-11T16:49:03","modified_gmt":"2021-10-11T14:49:03","slug":"page-d-exemple","status":"publish","type":"page","link":"https:\/\/www.kb-holding.fr\/index.php\/page-d-exemple\/","title":{"rendered":"Notre Histoire"},"content":{"rendered":"\n<p>\u200b<\/p>\n\n\n\n<p>Depuis sa cr\u00e9ation en <strong>2000<\/strong>, KB HOLDING fait de ses clients une priorit\u00e9.<\/p>\n\n\n\n<p>Nous sommes fiers de d\u00e9velopper des b\u00e2timents respectueux des normes en vigueur, s&#8217;adaptant \u00e0 chacun. Faisant appel \u00e0&nbsp;une \u00e9quipe de professionnels du secteur nous avons pu&nbsp;d\u00e9montrer notre&nbsp;capacit\u00e9 \u00e0 mettre en valeur les sites et \u00e0 concr\u00e9tiser la vision de nos clients.<\/p>\n\n\n\n<p>Pour en apprendre plus sur notre soci\u00e9t\u00e9 et construire vos projets, contactez-nous d\u00e8s aujourd&#8217;hui.<\/p>\n\n\n\n<p><\/p>\n","protected":false},"excerpt":{"rendered":"<p>\u200b Depuis sa cr\u00e9ation en 2000, KB HOLDING fait de ses clients une priorit\u00e9. Nous sommes fiers de d\u00e9velopper des b\u00e2timents respectueux des normes en vigueur, s&#8217;adaptant \u00e0 chacun. Faisant appel \u00e0&nbsp;une \u00e9quipe de professionnels du secteur nous avons pu&nbsp;d\u00e9montrer notre&nbsp;capacit\u00e9 \u00e0 mettre en valeur les sites et \u00e0 concr\u00e9tiser la vision de nos clients. [&hellip;]<\/p>\n","protected":false},"author":1,"featured_media":0,"parent":0,"menu_order":0,"comment_status":"closed","ping_status":"open","template":"","meta":[],"_links":{"self":[{"href":"https:\/\/www.kb-holding.fr\/index.php\/wp-json\/wp\/v2\/pages\/2"}],"collection":[{"href":"https:\/\/www.kb-holding.fr\/index.php\/wp-json\/wp\/v2\/pages"}],"about":[{"href":"https:\/\/www.kb-holding.fr\/index.php\/wp-json\/wp\/v2\/types\/page"}],"author":[{"embeddable":true,"href":"https:\/\/www.kb-holding.fr\/index.php\/wp-json\/wp\/v2\/users\/1"}],"replies":[{"embeddable":true,"href":"https:\/\/www.kb-holding.fr\/index.php\/wp-json\/wp\/v2\/comments?post=2"}],"version-history":[{"count":2,"href":"https:\/\/www.kb-holding.fr\/index.php\/wp-json\/wp\/v2\/pages\/2\/revisions"}],"predecessor-version":[{"id":8,"href":"https:\/\/www.kb-holding.fr\/index.php\/wp-json\/wp\/v2\/pages\/2\/revisions\/8"}],"wp:attachment":[{"href":"https:\/\/www.kb-holding.fr\/index.php\/wp-json\/wp\/v2\/media?parent=2"}],"curies":[{"name":"wp","href":"https:\/\/api.w.org\/{rel}","templated":true}]}}